{"id":2274,"date":"2025-10-12T01:20:51","date_gmt":"2025-10-12T04:20:51","guid":{"rendered":"https:\/\/www.cgya.cl\/?page_id=2274"},"modified":"2025-10-12T02:03:55","modified_gmt":"2025-10-12T05:03:55","slug":"diario-financiero","status":"publish","type":"page","link":"https:\/\/www.cgya.cl\/?page_id=2274","title":{"rendered":"Diario Financiero"},"content":{"rendered":"<div class=\"wpb-content-wrapper\"><p>[vc_row][vc_column][vc_empty_space][vc_column_text css_animation=\u00bbbounceInRight\u00bb css=\u00bb\u00bb]<\/p>\n<h5><span style=\"color: #678f5e;\">CGyA\u00a9 | INFORMA <\/span><\/h5>\n<h2><span style=\"color: #383838;\"><em>Noticias e informaciones de inter\u00e9s<\/em><\/span><\/h2>\n<hr \/>\n<p>[\/vc_column_text][\/vc_column][\/vc_row][vc_row][vc_column][vc_empty_space][vc_message message_box_style=\u00bbsolid-icon\u00bb style=\u00bbround\u00bb message_box_color=\u00bbalert-success\u00bb icon_type=\u00bbpixelicons\u00bb icon_pixelicons=\u00bbvc_pixel_icon vc_pixel_icon-tick\u00bb css=\u00bb\u00bb]<\/p>\n<h4><span style=\"color: #ff6600;\">Noticias DF<\/span><\/h4>\n<h3><em><span style=\"color: #99cc00;\">Noticias e Informaciones Diario Financiero<\/span><\/em><\/h3>\n<blockquote><div class=\"wpra-display align\" data-display-id=\"4\" hx-target=\"this\" hx-swap=\"outerHTML\">    <div class=\"wp-rss-aggregator wpra-list-template \">\n        <ul class=\"rss-aggregator wpra-item-list wpra-item-list--bullets wpra-item-list--default\" start=\"1\">\n                <li class=\"wpra-item feed-item \">\n        <a href=\"http:\/\/www.df.cl\/mercados\/banca-fintech\/tasas-hipotecarias-presionan-inversion-inmobiliaria-en-varias-comunas-los\" class=\"\" target=\"_blank\" rel=\"noopener noreferrer nofollow\" style=\"\">Tasas hipotecarias presionan inversi\u00f3n inmobiliaria: en varias comunas los arriendos ya no cubren dividendos<\/a>\n\n        <div class=\"wprss-feed-meta\">\n                <span class=\"feed-source\">\n         <a href=\"https:\/\/www.df.cl\/noticias\/site\/list\/port\/rss.xml\" class=\"\" target=\"_blank\" rel=\"noopener noreferrer nofollow\" style=\"\">Diario Financiero<\/a>\n    <\/span>\n                <span class=\"feed-date\">\n         abril 19, 2026\n    <\/span>\n            \n        <\/div>\n\n        \n    <\/li>    <li class=\"wpra-item feed-item \">\n        <a href=\"http:\/\/www.df.cl\/internacional\/df-sud\/peru-aprueba-reinicio-de-importante-proyecto-de-cobre-de-southern-copper\" class=\"\" target=\"_blank\" rel=\"noopener noreferrer nofollow\" style=\"\">Per\u00fa aprueba reinicio de importante proyecto de cobre de Southern Copper<\/a>\n\n        <div class=\"wprss-feed-meta\">\n                <span class=\"feed-source\">\n         <a href=\"https:\/\/www.df.cl\/noticias\/site\/list\/port\/rss.xml\" class=\"\" target=\"_blank\" rel=\"noopener noreferrer nofollow\" style=\"\">Diario Financiero<\/a>\n    <\/span>\n                <span class=\"feed-date\">\n         abril 19, 2026\n    <\/span>\n            \n        <\/div>\n\n        \n    <\/li>    <li class=\"wpra-item feed-item \">\n        <a href=\"http:\/\/www.df.cl\/internacional\/politica\/trump-acusa-a-iran-de-violar-alto-el-fuego-y-amenaza-con-destruir\" class=\"\" target=\"_blank\" rel=\"noopener noreferrer nofollow\" style=\"\">Ir\u00e1n rechaza negociar con EEUU tras acusaciones de Trump de violar alto el fuego<\/a>\n\n        <div class=\"wprss-feed-meta\">\n                <span class=\"feed-source\">\n         <a href=\"https:\/\/www.df.cl\/noticias\/site\/list\/port\/rss.xml\" class=\"\" target=\"_blank\" rel=\"noopener noreferrer nofollow\" style=\"\">Diario Financiero<\/a>\n    <\/span>\n                <span class=\"feed-date\">\n         abril 19, 2026\n    <\/span>\n            \n        <\/div>\n\n        \n    <\/li>    <li class=\"wpra-item feed-item \">\n        <a href=\"http:\/\/www.df.cl\/economia-y-politica\/pais\/criteria-respaldo-a-kast-sube-a-37-y-desaprobacion-se-mantiene-en-49\" class=\"\" target=\"_blank\" rel=\"noopener noreferrer nofollow\" style=\"\">Criteria: respaldo a Kast sube a 37% y desaprobaci\u00f3n se mantiene en 49%<\/a>\n\n        <div class=\"wprss-feed-meta\">\n                <span class=\"feed-source\">\n         <a href=\"https:\/\/www.df.cl\/noticias\/site\/list\/port\/rss.xml\" class=\"\" target=\"_blank\" rel=\"noopener noreferrer nofollow\" style=\"\">Diario Financiero<\/a>\n    <\/span>\n                <span class=\"feed-date\">\n         abril 19, 2026\n    <\/span>\n            \n        <\/div>\n\n        \n    <\/li>    <li class=\"wpra-item feed-item \">\n        <a href=\"http:\/\/www.df.cl\/economia-y-politica\/gobierno\/garcia-ruminot-defiende-rebaja-del-impuesto-de-primera-categoria-lo\" class=\"\" target=\"_blank\" rel=\"noopener noreferrer nofollow\" style=\"\">Garc\u00eda Ruminot defiende rebaja del impuesto de Primera Categor\u00eda: \"Lo plante\u00f3 el exPresidente Boric y hasta la candidata Toh\u00e1\"<\/a>\n\n        <div class=\"wprss-feed-meta\">\n                <span class=\"feed-source\">\n         <a href=\"https:\/\/www.df.cl\/noticias\/site\/list\/port\/rss.xml\" class=\"\" target=\"_blank\" rel=\"noopener noreferrer nofollow\" style=\"\">Diario Financiero<\/a>\n    <\/span>\n                <span class=\"feed-date\">\n         abril 19, 2026\n    <\/span>\n            \n        <\/div>\n\n        \n    <\/li>    <li class=\"wpra-item feed-item \">\n        <a href=\"http:\/\/www.df.cl\/economia-y-politica\/pais\/pulso-ciudadano-apoyo-al-presidente-kast-baja-a-33-3-y-desaprobacion-sube\" class=\"\" target=\"_blank\" rel=\"noopener noreferrer nofollow\" style=\"\">Pulso Ciudadano: apoyo al Presidente Kast baja a 33,3% y desaprobaci\u00f3n sube cuatro puntos<\/a>\n\n        <div class=\"wprss-feed-meta\">\n                <span class=\"feed-source\">\n         <a href=\"https:\/\/www.df.cl\/noticias\/site\/list\/port\/rss.xml\" class=\"\" target=\"_blank\" rel=\"noopener noreferrer nofollow\" style=\"\">Diario Financiero<\/a>\n    <\/span>\n                <span class=\"feed-date\">\n         abril 19, 2026\n    <\/span>\n            \n        <\/div>\n\n        \n    <\/li>    <li class=\"wpra-item feed-item \">\n        <a href=\"http:\/\/www.df.cl\/economia-y-politica\/gobierno\/quiroz-apunta-a-la-construccion-como-primer-motor-de-reactivacion-y-fija\" class=\"\" target=\"_blank\" rel=\"noopener noreferrer nofollow\" style=\"\">Quiroz apunta a la construcci\u00f3n como primer motor de reactivaci\u00f3n y fija meta: aprobar el megaproyecto antes del 1 de junio<\/a>\n\n        <div class=\"wprss-feed-meta\">\n                <span class=\"feed-source\">\n         <a href=\"https:\/\/www.df.cl\/noticias\/site\/list\/port\/rss.xml\" class=\"\" target=\"_blank\" rel=\"noopener noreferrer nofollow\" style=\"\">Diario Financiero<\/a>\n    <\/span>\n                <span class=\"feed-date\">\n         abril 19, 2026\n    <\/span>\n            \n        <\/div>\n\n        \n    <\/li>    <li class=\"wpra-item feed-item \">\n        <a href=\"http:\/\/www.df.cl\/economia-y-politica\/macro\/ministro-del-interior-espero-que-el-congreso-entienda-que-este-es-un\" class=\"\" target=\"_blank\" rel=\"noopener noreferrer nofollow\" style=\"\">Ministro del Interior: \"Espero que el Congreso entienda que este es un proyecto proempleo\"<\/a>\n\n        <div class=\"wprss-feed-meta\">\n                <span class=\"feed-source\">\n         <a href=\"https:\/\/www.df.cl\/noticias\/site\/list\/port\/rss.xml\" class=\"\" target=\"_blank\" rel=\"noopener noreferrer nofollow\" style=\"\">Diario Financiero<\/a>\n    <\/span>\n                <span class=\"feed-date\">\n         abril 19, 2026\n    <\/span>\n            \n        <\/div>\n\n        \n    <\/li>    <li class=\"wpra-item feed-item \">\n        <a href=\"http:\/\/www.df.cl\/df-mas\/coffee-break\/andrea-tokman-deja-cargo-de-economista-jefe-de-quinenco-para-concentrarse\" class=\"\" target=\"_blank\" rel=\"noopener noreferrer nofollow\" style=\"\">Andrea Tokman dejar\u00e1 cargo de economista jefe de Qui\u00f1enco para concentrarse en funciones directivas<\/a>\n\n        <div class=\"wprss-feed-meta\">\n                <span class=\"feed-source\">\n         <a href=\"https:\/\/www.df.cl\/noticias\/site\/list\/port\/rss.xml\" class=\"\" target=\"_blank\" rel=\"noopener noreferrer nofollow\" style=\"\">Diario Financiero<\/a>\n    <\/span>\n                <span class=\"feed-date\">\n         abril 19, 2026\n    <\/span>\n            \n        <\/div>\n\n        \n    <\/li>    <li class=\"wpra-item feed-item \">\n        <a href=\"http:\/\/www.df.cl\/df-mas\/politica\/parisi-y-sus-dudas-ante-el-megaproyecto-de-kast-a-mi-no-me-estan-dando\" class=\"\" target=\"_blank\" rel=\"noopener noreferrer nofollow\" style=\"\">Parisi y sus dudas ante el megaproyecto de Kast: \u201cA m\u00ed no me est\u00e1n dando las cifras\"<\/a>\n\n        <div class=\"wprss-feed-meta\">\n                <span class=\"feed-source\">\n         <a href=\"https:\/\/www.df.cl\/noticias\/site\/list\/port\/rss.xml\" class=\"\" target=\"_blank\" rel=\"noopener noreferrer nofollow\" style=\"\">Diario Financiero<\/a>\n    <\/span>\n                <span class=\"feed-date\">\n         abril 19, 2026\n    <\/span>\n            \n        <\/div>\n\n        \n    <\/li>    <li class=\"wpra-item feed-item \">\n        <a href=\"http:\/\/www.df.cl\/df-mas\/coffee-break\/de-matrimonio-a-matrimonio-la-ultima-y-miscelanea-milla-del-megaproyecto\" class=\"\" target=\"_blank\" rel=\"noopener noreferrer nofollow\" style=\"\">De matrimonio a matrimonio: la \u00faltima y miscel\u00e1nea milla del megaproyecto en Hacienda<\/a>\n\n        <div class=\"wprss-feed-meta\">\n                <span class=\"feed-source\">\n         <a href=\"https:\/\/www.df.cl\/noticias\/site\/list\/port\/rss.xml\" class=\"\" target=\"_blank\" rel=\"noopener noreferrer nofollow\" style=\"\">Diario Financiero<\/a>\n    <\/span>\n                <span class=\"feed-date\">\n         abril 18, 2026\n    <\/span>\n            \n        <\/div>\n\n        \n    <\/li>    <li class=\"wpra-item feed-item \">\n        <a href=\"http:\/\/www.df.cl\/internacional\/ft\/iran-afirma-tener-un-control-estricto-del-estrecho-de-ormuz-y-asegura-que\" class=\"\" target=\"_blank\" rel=\"noopener noreferrer nofollow\" style=\"\">Ir\u00e1n afirma tener un \"control estricto\" del estrecho de Ormuz y asegura que no se reabrir\u00e1 por completo<\/a>\n\n        <div class=\"wprss-feed-meta\">\n                <span class=\"feed-source\">\n         <a href=\"https:\/\/www.df.cl\/noticias\/site\/list\/port\/rss.xml\" class=\"\" target=\"_blank\" rel=\"noopener noreferrer nofollow\" style=\"\">Diario Financiero<\/a>\n    <\/span>\n                <span class=\"feed-date\">\n         abril 18, 2026\n    <\/span>\n            \n        <\/div>\n\n        \n    <\/li>    <li class=\"wpra-item feed-item \">\n        <a href=\"http:\/\/www.df.cl\/senal-df\/datos-de-sobremesa\/andres-echeverria-reaparece-publicamente\" class=\"\" target=\"_blank\" rel=\"noopener noreferrer nofollow\" style=\"\">Andr\u00e9s Echeverr\u00eda reaparece p\u00fablicamente y reactiva su cuenta en LinkedIn<\/a>\n\n        <div class=\"wprss-feed-meta\">\n                <span class=\"feed-source\">\n         <a href=\"https:\/\/www.df.cl\/noticias\/site\/list\/port\/rss.xml\" class=\"\" target=\"_blank\" rel=\"noopener noreferrer nofollow\" style=\"\">Diario Financiero<\/a>\n    <\/span>\n                <span class=\"feed-date\">\n         abril 18, 2026\n    <\/span>\n            \n        <\/div>\n\n        \n    <\/li>    <li class=\"wpra-item feed-item \">\n        <a href=\"http:\/\/www.df.cl\/df-mas\/personaje\/un-llamado-con-boric-la-guerra-sucia-y-nuevos-m-a-en-camino-juan-tagle\" class=\"\" target=\"_blank\" rel=\"noopener noreferrer nofollow\" style=\"\">Un llamado con Boric, la \u201cguerra sucia\u201d y nuevos M&amp;A en camino: Juan Tagle cuenta sus planes tras salir de la UC<\/a>\n\n        <div class=\"wprss-feed-meta\">\n                <span class=\"feed-source\">\n         <a href=\"https:\/\/www.df.cl\/noticias\/site\/list\/port\/rss.xml\" class=\"\" target=\"_blank\" rel=\"noopener noreferrer nofollow\" style=\"\">Diario Financiero<\/a>\n    <\/span>\n                <span class=\"feed-date\">\n         abril 18, 2026\n    <\/span>\n            \n        <\/div>\n\n        \n    <\/li>    <li class=\"wpra-item feed-item \">\n        <a href=\"http:\/\/www.df.cl\/senal-df\/el-deal\/diego-hernandez-en-codelco-hay-que-hacer-un-turn-around-tienen-que-dar\" class=\"\" target=\"_blank\" rel=\"noopener noreferrer nofollow\" style=\"\">Diego Hern\u00e1ndez: \u201cEn Codelco hay que hacer un turnaround, tienen que dar vuelta la empresa, porque si no va a ser m\u00e1s de lo mismo\"<\/a>\n\n        <div class=\"wprss-feed-meta\">\n                <span class=\"feed-source\">\n         <a href=\"https:\/\/www.df.cl\/noticias\/site\/list\/port\/rss.xml\" class=\"\" target=\"_blank\" rel=\"noopener noreferrer nofollow\" style=\"\">Diario Financiero<\/a>\n    <\/span>\n                <span class=\"feed-date\">\n         abril 18, 2026\n    <\/span>\n            \n        <\/div>\n\n        \n    <\/li>\n        <\/ul>\n    <\/div> <\/div><\/blockquote>\n<p>[\/vc_message][vc_empty_space][\/vc_column][\/vc_row]<\/p>\n<\/div>","protected":false},"excerpt":{"rendered":"<p>[vc_row][vc_column][vc_empty_space][vc_column_text css_animation=\u00bbbounceInRight\u00bb css=\u00bb\u00bb] CGyA\u00a9 | INFORMA Noticias e informaciones de inter\u00e9s [\/vc_column_text][\/vc_column][\/vc_row][vc_row][vc_column][vc_empty_space][vc_message message_box_style=\u00bbsolid-icon\u00bb style=\u00bbround\u00bb message_box_color=\u00bbalert-success\u00bb icon_type=\u00bbpixelicons\u00bb icon_pixelicons=\u00bbvc_pixel_icon vc_pixel_icon-tick\u00bb css=\u00bb\u00bb] Noticias DF Noticias e Informaciones Diario Financiero [\/vc_message][vc_empty_space][\/vc_column][\/vc_row]<\/p>\n","protected":false},"author":2,"featured_media":0,"parent":2285,"menu_order":0,"comment_status":"closed","ping_status":"closed","template":"","meta":{"footnotes":""},"class_list":["post-2274","page","type-page","status-publish","hentry"],"_links":{"self":[{"href":"https:\/\/www.cgya.cl\/index.php?rest_route=\/wp\/v2\/pages\/2274","targetHints":{"allow":["GET"]}}],"collection":[{"href":"https:\/\/www.cgya.cl\/index.php?rest_route=\/wp\/v2\/pages"}],"about":[{"href":"https:\/\/www.cgya.cl\/index.php?rest_route=\/wp\/v2\/types\/page"}],"author":[{"embeddable":true,"href":"https:\/\/www.cgya.cl\/index.php?rest_route=\/wp\/v2\/users\/2"}],"replies":[{"embeddable":true,"href":"https:\/\/www.cgya.cl\/index.php?rest_route=%2Fwp%2Fv2%2Fcomments&post=2274"}],"version-history":[{"count":6,"href":"https:\/\/www.cgya.cl\/index.php?rest_route=\/wp\/v2\/pages\/2274\/revisions"}],"predecessor-version":[{"id":2281,"href":"https:\/\/www.cgya.cl\/index.php?rest_route=\/wp\/v2\/pages\/2274\/revisions\/2281"}],"up":[{"embeddable":true,"href":"https:\/\/www.cgya.cl\/index.php?rest_route=\/wp\/v2\/pages\/2285"}],"wp:attachment":[{"href":"https:\/\/www.cgya.cl\/index.php?rest_route=%2Fwp%2Fv2%2Fmedia&parent=2274"}],"curies":[{"name":"wp","href":"https:\/\/api.w.org\/{rel}","templated":true}]}}