{"id":1530,"date":"2019-03-29T03:33:43","date_gmt":"2019-03-29T03:33:43","guid":{"rendered":"http:\/\/localhost\/consultax\/?page_id=1530"},"modified":"2026-02-13T20:47:14","modified_gmt":"2026-02-13T23:47:14","slug":"home-1","status":"publish","type":"page","link":"https:\/\/www.cgya.cl\/","title":{"rendered":"Home 1"},"content":{"rendered":"<div class=\"wpb-content-wrapper\"><p>[vc_row full_width=\u00bbstretch_row_content_no_spaces\u00bb][vc_column][rev_slider_vc alias=\u00bbhome1&#8243;][\/vc_column][\/vc_row][vc_row css=\u00bb.vc_custom_1553846835273{background-color: #ffffff !important;}\u00bb el_class=\u00bbtop-70&#8243;][vc_column][vc_empty_space height=\u00bb70px\u00bb el_class=\u00bblg-hidden\u00bb][\/vc_column][vc_column width=\u00bb1\/2&#8243; offset=\u00bbvc_col-md-3&#8243;]\n        <div class=\"service-box icon-box box-shadow-2 ionic \">\n                <i class=\"ion-md-medal ion-ios-medal ion-logo-medal ion-ios-medal\"><\/i>                <div class=\"content-box\">\n            <h4>Servicios de Calidad<\/h4>\n            <p>Eficientes, honestos y justos.<\/p>\n                    <\/div>\n    <\/div>\n    \n    [vc_empty_space height=\u00bb30px\u00bb el_class=\u00bblg-hidden\u00bb][\/vc_column][vc_column width=\u00bb1\/2&#8243; offset=\u00bbvc_col-md-3&#8243;]\n        <div class=\"service-box icon-box box-shadow-2 ionic \">\n                <i class=\"ion-md-bulb ion-ios-bulb ion-logo-bulb ion-ios-bulb\"><\/i>                <div class=\"content-box\">\n            <h4>Ideas valiosas<\/h4>\n            <p>Creativos, cercanos y proactivos<\/p>\n                    <\/div>\n    <\/div>\n    \n    [vc_empty_space height=\u00bb30px\u00bb el_class=\u00bblg-hidden\u00bb][\/vc_column][vc_column width=\u00bb1\/2&#8243; offset=\u00bbvc_col-md-3&#8243;]\n        <div class=\"service-box icon-box box-shadow-2 ionic \">\n                <i class=\"ion-md-cash ion-ios-cash ion-logo-cash ion-ios-cash\"><\/i>                <div class=\"content-box\">\n            <h4>Precios Competitivos<\/h4>\n            <p>Precios acorde al mercado.<\/p>\n                    <\/div>\n    <\/div>\n    \n    [vc_empty_space height=\u00bb30px\u00bb el_class=\u00bblg-hidden\u00bb][\/vc_column][vc_column width=\u00bb1\/2&#8243; offset=\u00bbvc_col-md-3&#8243;]\n        <div class=\"service-box icon-box box-shadow-2 ionic \">\n                <i class=\"ion-md-headset ion-ios-headset ion-logo-headset ion-ios-headset\"><\/i>                <div class=\"content-box\">\n            <h4>Alta disponibilidad para t\u00ed<\/h4>\n            <p>Estamos cuando nos necesitas.<\/p>\n                    <\/div>\n    <\/div>\n    \n    [\/vc_column][\/vc_row][vc_row equal_height=\u00bbyes\u00bb content_placement=\u00bbmiddle\u00bb el_class=\u00bbsection-padd\u00bb css=\u00bb.vc_custom_1554104145825{background-color: #ffffff !important;}\u00bb][vc_column][vc_row_inner equal_height=\u00bbyes\u00bb content_placement=\u00bbmiddle\u00bb][vc_column_inner css=\u00bb.vc_custom_1553849412190{padding-top: 300px !important;padding-bottom: 250px !important;background-image: url(https:\/\/cgya.cl\/wp-content\/uploads\/2019\/03\/bg-home1.jpg?id=1557) !important;background-position: center !important;background-repeat: no-repeat !important;background-size: cover !important;}\u00bb offset=\u00bbvc_col-md-6&#8243;][\/vc_column_inner][vc_column_inner el_class=\u00bbbg-second\u00bb offset=\u00bbvc_col-md-6&#8243;][vc_empty_space height=\u00bb60px\u00bb el_class=\u00bblg-hidden\u00bb]\n    <div class=\"section-head padding-box-2 text-light\">\n                    <h6><span>QUIENES SOMOS<\/span><\/h6>\n                <h2 class=\"section-title\">Nuestra misi\u00f3n,<br \/>\nVisi\u00f3n, Valores y Creencias Institucionales<\/h2>\n            <\/div>\n\n[vc_column_text css=\u00bb.vc_custom_1759043405376{padding-top: 0px !important;padding-bottom: 0px !important;}\u00bb el_class=\u00bbpadding-box-2 text-light\u00bb]Somos un equipo de profesionales dedicados a brindar soluciones en auditor\u00eda, control de gesti\u00f3n y asesor\u00eda contable. Acompa\u00f1amos a las empresas en su crecimiento, entregando un servicio cercano, confiable y adaptado a sus necesidades, con el objetivo de mejorar su organizaci\u00f3n, control interno y toma de decisiones.[\/vc_column_text][vc_column_text css=\u00bb.vc_custom_1759175842547{margin-bottom: 0px !important;padding-top: 60px !important;}\u00bb el_class=\u00bbpadding-box-2 info-box text-light\u00bb]<\/p>\n<div class=\"sign\">\n<p>&nbsp;<\/p>\n<h5>Claudia Jara<\/h5>\n<p>Directora CGyA\u00a9<\/p>\n<\/div>\n<p>[\/vc_column_text][vc_empty_space height=\u00bb60px\u00bb el_class=\u00bblg-hidden\u00bb][\/vc_column_inner][\/vc_row_inner][\/vc_column][\/vc_row][vc_row equal_height=\u00bbyes\u00bb content_placement=\u00bbmiddle\u00bb el_class=\u00bbsection-padd\u00bb][vc_column offset=\u00bbvc_col-md-9&#8243;]\n    <div class=\"section-head \">\n                    <h6><span>NUESTROS SERVICIOS<\/span><\/h6>\n                <h2 class=\"section-title\">Lo que podemos hacer por t\u00ed<\/h2>\n            <\/div>\n\n[vc_empty_space height=\u00bb30px\u00bb el_class=\u00bbmd-hidden sm-hidden\u00bb][\/vc_column][vc_column offset=\u00bbvc_col-md-3&#8243;][vc_column_text css=\u00bb.vc_custom_1554366131569{padding-top: 13px !important;}\u00bb el_class=\u00bbtext-right mobile-left\u00bb]<\/p>\n<p><a class=\"pagelink gray\" href=\"http:\/\/wpdemo.archiwp.com\/consultax\/services-with-image\/\">All services<\/a><\/p>\n<p>[\/vc_column_text][\/vc_column][vc_column width=\u00bb1\/2&#8243; offset=\u00bbvc_col-md-4&#8243;]\n        <div class=\"service-box icon-box  ionic  hover-box\">\n                <i class=\"ion-md-umbrella ion-logo-umbrella\"><\/i>                <div class=\"content-box\">\n            <h4>Auditor\u00edas<\/h4>\n            <p>Si tu empresa ha crecido en ventas y operaciones, necesitas revisar tus procesos internos, mejorar el control, prevenir fraudes o simplemente poner orden. Este servicio es ideal para ayudarte a lograrlo de forma efectiva.<\/p>\n            <a class=\"link-box pagelink\" href=\"https:\/\/www.cgya.cl\/?ot_service=auditorias\" target=\"_self\">Leer m\u00e1s<\/a>        <\/div>\n    <\/div>\n    \n    [vc_empty_space height=\u00bb30px\u00bb][\/vc_column][vc_column width=\u00bb1\/2&#8243; offset=\u00bbvc_col-md-4&#8243;]\n        <div class=\"service-box icon-box  ionic  hover-box\">\n                <i class=\"ion-md-cube ion-logo-cube\"><\/i>                <div class=\"content-box\">\n            <h4>Consultor\u00eda: Control de Gesti\u00f3n<\/h4>\n            <p>Al planificar un nuevo periodo, es clave definir metas claras y alinear los objetivos estrat\u00e9gicos de cada \u00e1rea. Este servicio te gu\u00eda para lograr una gesti\u00f3n eficiente y enfocada en resultados concretos.<\/p>\n            <a class=\"link-box pagelink\" href=\"https:\/\/www.cgya.cl\/?ot_service=consultorias\" target=\"_self\">Leer m\u00e1s<\/a>        <\/div>\n    <\/div>\n    \n    [vc_empty_space height=\u00bb30px\u00bb][\/vc_column][vc_column width=\u00bb1\/2&#8243; offset=\u00bbvc_col-md-4&#8243;]\n        <div class=\"service-box icon-box  ionic  hover-box\">\n                <i class=\"ion-md-podium ion-logo-podium\"><\/i>                <div class=\"content-box\">\n            <h4>Asesor\u00eda & Gesti\u00f3n Contable<\/h4>\n            <p>Brindamos apoyo contable, tributario, laboral y de gesti\u00f3n interna. Nuestro objetivo es ayudarte a ordenar y hacer crecer tu empresa, con soluciones a medida seg\u00fan tus necesidades y metas las que sin duda cronstruimos en comjunto.<\/p>\n            <a class=\"link-box pagelink\" href=\"https:\/\/www.cgya.cl\/?ot_service=asesorias\" target=\"_self\">Leer m\u00e1s<\/a>        <\/div>\n    <\/div>\n    \n    [vc_empty_space height=\u00bb30px\u00bb][\/vc_column][\/vc_row]<\/p>\n<\/div>","protected":false},"excerpt":{"rendered":"<p>[vc_row full_width=\u00bbstretch_row_content_no_spaces\u00bb][vc_column][rev_slider_vc alias=\u00bbhome1&#8243;][\/vc_column][\/vc_row][vc_row css=\u00bb.vc_custom_1553846835273{background-color: #ffffff !important;}\u00bb el_class=\u00bbtop-70&#8243;][vc_column][vc_empty_space height=\u00bb70px\u00bb el_class=\u00bblg-hidden\u00bb][\/vc_column][vc_column width=\u00bb1\/2&#8243; offset=\u00bbvc_col-md-3&#8243;][vc_empty_space height=\u00bb30px\u00bb el_class=\u00bblg-hidden\u00bb][\/vc_column][vc_column width=\u00bb1\/2&#8243; offset=\u00bbvc_col-md-3&#8243;][vc_empty_space height=\u00bb30px\u00bb el_class=\u00bblg-hidden\u00bb][\/vc_column][vc_column width=\u00bb1\/2&#8243; offset=\u00bbvc_col-md-3&#8243;][vc_empty_space height=\u00bb30px\u00bb el_class=\u00bblg-hidden\u00bb][\/vc_column][vc_column width=\u00bb1\/2&#8243; offset=\u00bbvc_col-md-3&#8243;][\/vc_column][\/vc_row][vc_row equal_height=\u00bbyes\u00bb content_placement=\u00bbmiddle\u00bb el_class=\u00bbsection-padd\u00bb css=\u00bb.vc_custom_1554104145825{background-color: #ffffff !important;}\u00bb][vc_column][vc_row_inner equal_height=\u00bbyes\u00bb content_placement=\u00bbmiddle\u00bb][vc_column_inner css=\u00bb.vc_custom_1553849412190{padding-top: 300px !important;padding-bottom: 250px !important;background-image: url(https:\/\/cgya.cl\/wp-content\/uploads\/2019\/03\/bg-home1.jpg?id=1557) !important;background-position: center !important;background-repeat: no-repeat !important;background-size: cover !important;}\u00bb offset=\u00bbvc_col-md-6&#8243;][\/vc_column_inner][vc_column_inner el_class=\u00bbbg-second\u00bb offset=\u00bbvc_col-md-6&#8243;][vc_empty_space height=\u00bb60px\u00bb el_class=\u00bblg-hidden\u00bb][vc_column_text css=\u00bb.vc_custom_1759043405376{padding-top: 0px !important;padding-bottom: 0px !important;}\u00bb el_class=\u00bbpadding-box-2 [&hellip;]<\/p>\n","protected":false},"author":2,"featured_media":0,"parent":0,"menu_order":0,"comment_status":"closed","ping_status":"closed","template":"","meta":{"footnotes":""},"class_list":["post-1530","page","type-page","status-publish","hentry"],"_links":{"self":[{"href":"https:\/\/www.cgya.cl\/index.php?rest_route=\/wp\/v2\/pages\/1530","targetHints":{"allow":["GET"]}}],"collection":[{"href":"https:\/\/www.cgya.cl\/index.php?rest_route=\/wp\/v2\/pages"}],"about":[{"href":"https:\/\/www.cgya.cl\/index.php?rest_route=\/wp\/v2\/types\/page"}],"author":[{"embeddable":true,"href":"https:\/\/www.cgya.cl\/index.php?rest_route=\/wp\/v2\/users\/2"}],"replies":[{"embeddable":true,"href":"https:\/\/www.cgya.cl\/index.php?rest_route=%2Fwp%2Fv2%2Fcomments&post=1530"}],"version-history":[{"count":14,"href":"https:\/\/www.cgya.cl\/index.php?rest_route=\/wp\/v2\/pages\/1530\/revisions"}],"predecessor-version":[{"id":13824,"href":"https:\/\/www.cgya.cl\/index.php?rest_route=\/wp\/v2\/pages\/1530\/revisions\/13824"}],"wp:attachment":[{"href":"https:\/\/www.cgya.cl\/index.php?rest_route=%2Fwp%2Fv2%2Fmedia&parent=1530"}],"curies":[{"name":"wp","href":"https:\/\/api.w.org\/{rel}","templated":true}]}}