{"id":1353,"date":"2019-03-26T04:36:15","date_gmt":"2019-03-26T04:36:15","guid":{"rendered":"http:\/\/localhost\/consultax\/?page_id=1353"},"modified":"2025-09-28T01:23:54","modified_gmt":"2025-09-28T04:23:54","slug":"servicios","status":"publish","type":"page","link":"https:\/\/www.cgya.cl\/?page_id=1353","title":{"rendered":"Servicios"},"content":{"rendered":"<div class=\"wpb-content-wrapper\"><p>[vc_row equal_height=\u00bbyes\u00bb css=\u00bb.vc_custom_1554350578915{padding-top: 70px !important;padding-bottom: 100px !important;}\u00bb][vc_column width=\u00bb1\/2&#8243; offset=\u00bbvc_col-md-4&#8243;]\n    <div class=\"service-box image-box \">\n        <img loading=\"lazy\" decoding=\"async\" width=\"750\" height=\"460\" src=\"https:\/\/www.cgya.cl\/wp-content\/uploads\/2019\/03\/service1.jpg\" class=\"img-responsive\" alt=\"\" \/>        <div class=\"content-box\">\n            <h4>Auditor\u00edas<\/h4>\n            <p>Si tu empresa ha crecido en ventas y operaciones, necesitas revisar tus procesos internos, mejorar el control, prevenir fraudes o simplemente poner orden. Este servicio es ideal para ayudarte a lograrlo de forma efectiva.<\/p>\n            <a class=\"link-box pagelink\" href=\"https:\/\/www.cgya.cl\/?ot_service=auditorias\" target=\"_self\">Leer m\u00e1s<\/a>        <\/div>\n    <\/div>\n\n    [vc_empty_space height=\u00bb30px\u00bb][\/vc_column][vc_column width=\u00bb1\/2&#8243; offset=\u00bbvc_col-md-4&#8243;]\n    <div class=\"service-box image-box \">\n        <img loading=\"lazy\" decoding=\"async\" width=\"750\" height=\"460\" src=\"https:\/\/www.cgya.cl\/wp-content\/uploads\/2019\/03\/service2.jpg\" class=\"img-responsive\" alt=\"\" \/>        <div class=\"content-box\">\n            <h4>Consultor\u00eda: Control de Gesti\u00f3n<\/h4>\n            <p>Al planificar un nuevo periodo, es clave definir metas claras y alinear los objetivos estrat\u00e9gicos de cada \u00e1rea. Este servicio te gu\u00eda para lograr una gesti\u00f3n eficiente y enfocada en resultados concretos.<\/p>\n            <a class=\"link-box pagelink\" href=\"https:\/\/www.cgya.cl\/?ot_service=consultorias\" target=\"_self\">Leer m\u00e1s<\/a>        <\/div>\n    <\/div>\n\n    [vc_empty_space height=\u00bb30px\u00bb][\/vc_column][vc_column width=\u00bb1\/2&#8243; offset=\u00bbvc_col-md-4&#8243;]\n    <div class=\"service-box image-box \">\n        <img loading=\"lazy\" decoding=\"async\" width=\"750\" height=\"460\" src=\"https:\/\/www.cgya.cl\/wp-content\/uploads\/2019\/03\/service3.jpg\" class=\"img-responsive\" alt=\"\" \/>        <div class=\"content-box\">\n            <h4>Asesor\u00eda & Gesti\u00f3n Contable<\/h4>\n            <p>Brindamos apoyo contable, tributario, laboral y de gesti\u00f3n interna. Nuestro objetivo es ayudarte a ordenar y hacer crecer tu empresa, con soluciones a medida seg\u00fan tus necesidades y metas las que sin duda cronstruimos en comjunto.<\/p>\n            <a class=\"link-box pagelink\" href=\"https:\/\/www.cgya.cl\/?ot_service=asesorias\" target=\"_self\">Leer m\u00e1s<\/a>        <\/div>\n    <\/div>\n\n    [vc_empty_space height=\u00bb30px\u00bb][\/vc_column][\/vc_row]<\/p>\n<\/div>","protected":false},"excerpt":{"rendered":"<p>[vc_row equal_height=\u00bbyes\u00bb css=\u00bb.vc_custom_1554350578915{padding-top: 70px !important;padding-bottom: 100px !important;}\u00bb][vc_column width=\u00bb1\/2&#8243; offset=\u00bbvc_col-md-4&#8243;][vc_empty_space height=\u00bb30px\u00bb][\/vc_column][vc_column width=\u00bb1\/2&#8243; offset=\u00bbvc_col-md-4&#8243;][vc_empty_space height=\u00bb30px\u00bb][\/vc_column][vc_column width=\u00bb1\/2&#8243; offset=\u00bbvc_col-md-4&#8243;][vc_empty_space height=\u00bb30px\u00bb][\/vc_column][\/vc_row]<\/p>\n","protected":false},"author":2,"featured_media":0,"parent":0,"menu_order":0,"comment_status":"closed","ping_status":"closed","template":"","meta":{"footnotes":""},"class_list":["post-1353","page","type-page","status-publish","hentry"],"_links":{"self":[{"href":"https:\/\/www.cgya.cl\/index.php?rest_route=\/wp\/v2\/pages\/1353","targetHints":{"allow":["GET"]}}],"collection":[{"href":"https:\/\/www.cgya.cl\/index.php?rest_route=\/wp\/v2\/pages"}],"about":[{"href":"https:\/\/www.cgya.cl\/index.php?rest_route=\/wp\/v2\/types\/page"}],"author":[{"embeddable":true,"href":"https:\/\/www.cgya.cl\/index.php?rest_route=\/wp\/v2\/users\/2"}],"replies":[{"embeddable":true,"href":"https:\/\/www.cgya.cl\/index.php?rest_route=%2Fwp%2Fv2%2Fcomments&post=1353"}],"version-history":[{"count":8,"href":"https:\/\/www.cgya.cl\/index.php?rest_route=\/wp\/v2\/pages\/1353\/revisions"}],"predecessor-version":[{"id":2133,"href":"https:\/\/www.cgya.cl\/index.php?rest_route=\/wp\/v2\/pages\/1353\/revisions\/2133"}],"wp:attachment":[{"href":"https:\/\/www.cgya.cl\/index.php?rest_route=%2Fwp%2Fv2%2Fmedia&parent=1353"}],"curies":[{"name":"wp","href":"https:\/\/api.w.org\/{rel}","templated":true}]}}