{"id":1327,"date":"2019-03-25T10:07:12","date_gmt":"2019-03-25T10:07:12","guid":{"rendered":"http:\/\/localhost\/consultax\/?page_id=1327"},"modified":"2025-10-12T02:03:39","modified_gmt":"2025-10-12T05:03:39","slug":"impuestos-internos","status":"publish","type":"page","link":"https:\/\/www.cgya.cl\/?page_id=1327","title":{"rendered":"Impuestos Internos"},"content":{"rendered":"<div class=\"wpb-content-wrapper\"><p>[vc_row][vc_column][vc_empty_space][vc_column_text css_animation=\u00bbbounceInRight\u00bb css=\u00bb\u00bb]<\/p>\n<h5><span style=\"color: #678f5e;\">CGyA\u00a9 | INFORMA <\/span><\/h5>\n<h2><span style=\"color: #383838;\"><em>Noticias e informaciones de inter\u00e9s<\/em><\/span><\/h2>\n<hr \/>\n<p>[\/vc_column_text][\/vc_column][\/vc_row][vc_row][vc_column][vc_empty_space][vc_message color=\u00bbalert-success\u00bb message_box_style=\u00bbsolid-icon\u00bb style=\u00bbround\u00bb message_box_color=\u00bbalert-success\u00bb icon_type=\u00bbpixelicons\u00bb icon_pixelicons=\u00bbvc_pixel_icon vc_pixel_icon-tick\u00bb css=\u00bb\u00bb]<\/p>\n<h4><span style=\"color: #ff6600;\">Noticias SII<\/span><\/h4>\n<h3><em><span style=\"color: #99cc00;\">Impuestos, noticias, contribuciones, contribuyentes, renta, circulares, leyes<\/span><\/em><\/h3>\n<blockquote><div class=\"wpra-display align\" data-display-id=\"1\" hx-target=\"this\" hx-swap=\"outerHTML\">    <div class=\"wp-rss-aggregator wpra-list-template \">\n        <ul class=\"rss-aggregator wpra-item-list wpra-item-list--bullets wpra-item-list--default\" start=\"1\">\n                <li class=\"wpra-item feed-item \">\n        <a href=\"https:\/\/www.sii.cl\/noticias\/2026\/110226noti01smn.htm\" class=\"\" target=\"_blank\" rel=\"noopener noreferrer nofollow\" style=\"\">SII establece pr\u00f3rroga y condonaci\u00f3n de intereses asociados al pago impuesto territorial para afectados por incendios en \u00d1uble y Biob\u00edo<\/a>\n\n        <div class=\"wprss-feed-meta\">\n                <span class=\"feed-source\">\n        Fuente: <a href=\"https:\/\/www.sii.cl\/pagina\/actualizada\/noticias\/rss\/siinot_rss.xml\" class=\"\" target=\"_blank\" rel=\"noopener noreferrer nofollow\" style=\"\">Noticias SII<\/a>\n    <\/span>\n                <span class=\"feed-date\">\n        Fecha:  02-11-2626\n    <\/span>\n            \n        <\/div>\n\n        \n    <\/li>    <li class=\"wpra-item feed-item \">\n        <a href=\"https:\/\/www.sii.cl\/noticias\/2026\/090426noti01smn.htm\" class=\"\" target=\"_blank\" rel=\"noopener noreferrer nofollow\" style=\"\">Jorge Trujillo y Eduardo Cerna se re\u00fanen para potenciar el trabajo conjunto en el combate de delitos tributarios y el comercio informal e il\u00edcito<\/a>\n\n        <div class=\"wprss-feed-meta\">\n                <span class=\"feed-source\">\n        Fuente: <a href=\"https:\/\/www.sii.cl\/pagina\/actualizada\/noticias\/rss\/siinot_rss.xml\" class=\"\" target=\"_blank\" rel=\"noopener noreferrer nofollow\" style=\"\">Noticias SII<\/a>\n    <\/span>\n                <span class=\"feed-date\">\n        Fecha:  04-09-2626\n    <\/span>\n            \n        <\/div>\n\n        \n    <\/li>    <li class=\"wpra-item feed-item \">\n        <a href=\"https:\/\/www.sii.cl\/noticias\/2026\/170426noti01pcr.htm\" class=\"\" target=\"_blank\" rel=\"noopener noreferrer nofollow\" style=\"\">Combate contra proveedores de comercio informal en barrio Meiggs logra importantes resultados en materia de sanciones y recaudaci\u00f3n de impuestos<\/a>\n\n        <div class=\"wprss-feed-meta\">\n                <span class=\"feed-source\">\n        Fuente: <a href=\"https:\/\/www.sii.cl\/pagina\/actualizada\/noticias\/rss\/siinot_rss.xml\" class=\"\" target=\"_blank\" rel=\"noopener noreferrer nofollow\" style=\"\">Noticias SII<\/a>\n    <\/span>\n                <span class=\"feed-date\">\n        Fecha:  17-04-2626\n    <\/span>\n            \n        <\/div>\n\n        \n    <\/li>    <li class=\"wpra-item feed-item \">\n        <a href=\"https:\/\/www.sii.cl\/noticias\/2026\/040226noti01pcr.htm\" class=\"\" target=\"_blank\" rel=\"noopener noreferrer nofollow\" style=\"\">SII firma primer acuerdo de cooperacion con Grupo Empresarial despu\u00e9s de la publicaci\u00f3n de la Ley de Cumplimiento de las Obligaciones Tributarias<\/a>\n\n        <div class=\"wprss-feed-meta\">\n                <span class=\"feed-source\">\n        Fuente: <a href=\"https:\/\/www.sii.cl\/pagina\/actualizada\/noticias\/rss\/siinot_rss.xml\" class=\"\" target=\"_blank\" rel=\"noopener noreferrer nofollow\" style=\"\">Noticias SII<\/a>\n    <\/span>\n                <span class=\"feed-date\">\n        Fecha:  02-04-2626\n    <\/span>\n            \n        <\/div>\n\n        \n    <\/li>    <li class=\"wpra-item feed-item \">\n        <a href=\"https:\/\/www.sii.cl\/noticias\/2026\/160326noti01pcr.htm\" class=\"\" target=\"_blank\" rel=\"noopener noreferrer nofollow\" style=\"\">En forma anticipada al inicio de la Operaci\u00f3n Renta del mes de abril, SII publica por primera vez informaci\u00f3n relevante sobre validaciones y observaciones para intermediarios y empresas<\/a>\n\n        <div class=\"wprss-feed-meta\">\n                <span class=\"feed-source\">\n        Fuente: <a href=\"https:\/\/www.sii.cl\/pagina\/actualizada\/noticias\/rss\/siinot_rss.xml\" class=\"\" target=\"_blank\" rel=\"noopener noreferrer nofollow\" style=\"\">Noticias SII<\/a>\n    <\/span>\n                <span class=\"feed-date\">\n        Fecha:  16-03-2626\n    <\/span>\n            \n        <\/div>\n\n        \n    <\/li>    <li class=\"wpra-item feed-item \">\n        <a href=\"https:\/\/www.sii.cl\/noticias\/2026\/230226noti02smn.htm\" class=\"\" target=\"_blank\" rel=\"noopener noreferrer nofollow\" style=\"\">SII est\u00e1 aplicando acciones de fiscalizaci\u00f3n profundas a mall chinos empadronados durante 2025, cursando 229 clausuras y 332 infracciones<\/a>\n\n        <div class=\"wprss-feed-meta\">\n                <span class=\"feed-source\">\n        Fuente: <a href=\"https:\/\/www.sii.cl\/pagina\/actualizada\/noticias\/rss\/siinot_rss.xml\" class=\"\" target=\"_blank\" rel=\"noopener noreferrer nofollow\" style=\"\">Noticias SII<\/a>\n    <\/span>\n                <span class=\"feed-date\">\n        Fecha:  23-02-2626\n    <\/span>\n            \n        <\/div>\n\n        \n    <\/li>    <li class=\"wpra-item feed-item \">\n        <a href=\"https:\/\/www.sii.cl\/noticias\/2026\/230226noti01smn.htm\" class=\"\" target=\"_blank\" rel=\"noopener noreferrer nofollow\" style=\"\">SII realiza charla a casi un centenar de profesionales tributarios sobre Declaraciones Juradas y Formulario 22<\/a>\n\n        <div class=\"wprss-feed-meta\">\n                <span class=\"feed-source\">\n        Fuente: <a href=\"https:\/\/www.sii.cl\/pagina\/actualizada\/noticias\/rss\/siinot_rss.xml\" class=\"\" target=\"_blank\" rel=\"noopener noreferrer nofollow\" style=\"\">Noticias SII<\/a>\n    <\/span>\n                <span class=\"feed-date\">\n        Fecha:  23-02-2626\n    <\/span>\n            \n        <\/div>\n\n        \n    <\/li>    <li class=\"wpra-item feed-item \">\n        <a href=\"https:\/\/www.sii.cl\/noticias\/2026\/200226noti01smn.htm\" class=\"\" target=\"_blank\" rel=\"noopener noreferrer nofollow\" style=\"\">Contribuyentes pueden declarar y pagar IVA hasta el 23 de febrero sin multas e intereses<\/a>\n\n        <div class=\"wprss-feed-meta\">\n                <span class=\"feed-source\">\n        Fuente: <a href=\"https:\/\/www.sii.cl\/pagina\/actualizada\/noticias\/rss\/siinot_rss.xml\" class=\"\" target=\"_blank\" rel=\"noopener noreferrer nofollow\" style=\"\">Noticias SII<\/a>\n    <\/span>\n                <span class=\"feed-date\">\n        Fecha:  20-02-2626\n    <\/span>\n            \n        <\/div>\n\n        \n    <\/li>    <li class=\"wpra-item feed-item \">\n        <a href=\"https:\/\/www.sii.cl\/noticias\/2026\/170226noti01smn.htm\" class=\"\" target=\"_blank\" rel=\"noopener noreferrer nofollow\" style=\"\">SII entrega informaci\u00f3n detallada sobre observaciones a Declaraciones Juradas de Renta para prevenirlas y facilitar su proceso de presentaci\u00f3n para asesores tributarios y contadores<\/a>\n\n        <div class=\"wprss-feed-meta\">\n                <span class=\"feed-source\">\n        Fuente: <a href=\"https:\/\/www.sii.cl\/pagina\/actualizada\/noticias\/rss\/siinot_rss.xml\" class=\"\" target=\"_blank\" rel=\"noopener noreferrer nofollow\" style=\"\">Noticias SII<\/a>\n    <\/span>\n                <span class=\"feed-date\">\n        Fecha:  17-02-2626\n    <\/span>\n            \n        <\/div>\n\n        \n    <\/li>\n        <\/ul>\n    <\/div> <\/div><\/blockquote>\n<p>[\/vc_message][vc_empty_space][vc_message color=\u00bbalert-success\u00bb message_box_style=\u00bbsolid-icon\u00bb style=\u00bbround\u00bb message_box_color=\u00bbalert-success\u00bb icon_type=\u00bbpixelicons\u00bb icon_pixelicons=\u00bbvc_pixel_icon vc_pixel_icon-tick\u00bb css=\u00bb\u00bb]<\/p>\n<h4><span style=\"color: #ff6600;\">Noticias SII<\/span><\/h4>\n<h3><em><span style=\"color: #99cc00;\">Circulares y Resoluciones<\/span><\/em><\/h3>\n<blockquote><p>&nbsp;<\/p>\n<div class=\"wpra-display align\" data-display-id=\"2\" hx-target=\"this\" hx-swap=\"outerHTML\">    <div class=\"wp-rss-aggregator wpra-list-template \">\n        <ul class=\"rss-aggregator wpra-item-list wpra-item-list--bullets wpra-item-list--default\" start=\"1\">\n                <li class=\"wpra-item feed-item \">\n        <a href=\"https:\/\/www.sii.cl\/normativa_legislacion\/circulares\/2026\/circu8.pdf\" class=\"\" target=\"_blank\" rel=\"noopener noreferrer nofollow\" style=\"\">Circular N\u00c2\u00b0 8 del 02-12-2026 : Operaciones de cr\u00e9dito de dinero. Valor de la U...<\/a>\n\n        <div class=\"wprss-feed-meta\">\n                <span class=\"feed-source\">\n        Fuente:  <a href=\"https:\/\/www.sii.cl\/pagina\/actualizada\/noticias\/rss\/siiall_rss.xml\" class=\"\" target=\"_blank\" rel=\"noopener noreferrer nofollow\" style=\"\">SII Actualidad Tributaria<\/a>\n    <\/span>\n                <span class=\"feed-date\">\n        Fecha:  02-12-26\n    <\/span>\n            \n        <\/div>\n\n        \n    <\/li>    <li class=\"wpra-item feed-item \">\n        <a href=\"https:\/\/www.sii.cl\/normativa_legislacion\/circulares\/2026\/circu7.pdf\" class=\"\" target=\"_blank\" rel=\"noopener noreferrer nofollow\" style=\"\">Circular N\u00c2\u00b0 7 del 02-12-2026 : Tablas de impuesto \u00fanico de segunda categor\u00eda p...<\/a>\n\n        <div class=\"wprss-feed-meta\">\n                <span class=\"feed-source\">\n        Fuente:  <a href=\"https:\/\/www.sii.cl\/pagina\/actualizada\/noticias\/rss\/siiall_rss.xml\" class=\"\" target=\"_blank\" rel=\"noopener noreferrer nofollow\" style=\"\">SII Actualidad Tributaria<\/a>\n    <\/span>\n                <span class=\"feed-date\">\n        Fecha:  02-12-26\n    <\/span>\n            \n        <\/div>\n\n        \n    <\/li>    <li class=\"wpra-item feed-item \">\n        <a href=\"https:\/\/www.sii.cl\/noticias\/2026\/110426noti01pcr.htm\" class=\"\" target=\"_blank\" rel=\"noopener noreferrer nofollow\" style=\"\">Director del SII y Alcalde de Huechuraba presentan avances de la implementaci\u00c3\u00b3n de la Ley de Ferias Libres<\/a>\n\n        <div class=\"wprss-feed-meta\">\n                <span class=\"feed-source\">\n        Fuente:  <a href=\"https:\/\/www.sii.cl\/pagina\/actualizada\/noticias\/rss\/siiall_rss.xml\" class=\"\" target=\"_blank\" rel=\"noopener noreferrer nofollow\" style=\"\">SII Actualidad Tributaria<\/a>\n    <\/span>\n                <span class=\"feed-date\">\n        Fecha:  04-11-26\n    <\/span>\n            \n        <\/div>\n\n        \n    <\/li>    <li class=\"wpra-item feed-item \">\n        <a href=\"https:\/\/www.sii.cl\/normativa_legislacion\/resoluciones\/2026\/reso40.pdf\" class=\"\" target=\"_blank\" rel=\"noopener noreferrer nofollow\" style=\"\">Resoluci\u00c3\u00b3n N\u00c2\u00b0 40 del 03-11-2026 : Aprueba Convenio de Intercambio de informaci\u00f3n ...<\/a>\n\n        <div class=\"wprss-feed-meta\">\n                <span class=\"feed-source\">\n        Fuente:  <a href=\"https:\/\/www.sii.cl\/pagina\/actualizada\/noticias\/rss\/siiall_rss.xml\" class=\"\" target=\"_blank\" rel=\"noopener noreferrer nofollow\" style=\"\">SII Actualidad Tributaria<\/a>\n    <\/span>\n                <span class=\"feed-date\">\n        Fecha:  03-11-26\n    <\/span>\n            \n        <\/div>\n\n        \n    <\/li>    <li class=\"wpra-item feed-item \">\n        <a href=\"https:\/\/www.sii.cl\/normativa_legislacion\/resoluciones\/2026\/reso39.pdf\" class=\"\" target=\"_blank\" rel=\"noopener noreferrer nofollow\" style=\"\">Resoluci\u00c3\u00b3n N\u00c2\u00b0 39 del 03-11-2026 : Aprueba Convenio de Intercambio de Informaci\u00f3n ...<\/a>\n\n        <div class=\"wprss-feed-meta\">\n                <span class=\"feed-source\">\n        Fuente:  <a href=\"https:\/\/www.sii.cl\/pagina\/actualizada\/noticias\/rss\/siiall_rss.xml\" class=\"\" target=\"_blank\" rel=\"noopener noreferrer nofollow\" style=\"\">SII Actualidad Tributaria<\/a>\n    <\/span>\n                <span class=\"feed-date\">\n        Fecha:  03-11-26\n    <\/span>\n            \n        <\/div>\n\n        \n    <\/li>    <li class=\"wpra-item feed-item \">\n        <a href=\"https:\/\/www.sii.cl\/normativa_legislacion\/circulares\/2026\/circu6.pdf\" class=\"\" target=\"_blank\" rel=\"noopener noreferrer nofollow\" style=\"\">Circular N\u00c2\u00b0 6 del 02-11-2026 : Informa tabla de c\u00e1lculos de reajustes y multas...<\/a>\n\n        <div class=\"wprss-feed-meta\">\n                <span class=\"feed-source\">\n        Fuente:  <a href=\"https:\/\/www.sii.cl\/pagina\/actualizada\/noticias\/rss\/siiall_rss.xml\" class=\"\" target=\"_blank\" rel=\"noopener noreferrer nofollow\" style=\"\">SII Actualidad Tributaria<\/a>\n    <\/span>\n                <span class=\"feed-date\">\n        Fecha:  02-11-26\n    <\/span>\n            \n        <\/div>\n\n        \n    <\/li>    <li class=\"wpra-item feed-item \">\n        <a href=\"https:\/\/www.sii.cl\/normativa_legislacion\/circulares\/2026\/circu15.pdf\" class=\"\" target=\"_blank\" rel=\"noopener noreferrer nofollow\" style=\"\">Circular N\u00c2\u00b0 15 del 04-10-2026 : Tablas de impuesto \u00fanico de segunda categor\u00eda p...<\/a>\n\n        <div class=\"wprss-feed-meta\">\n                <span class=\"feed-source\">\n        Fuente:  <a href=\"https:\/\/www.sii.cl\/pagina\/actualizada\/noticias\/rss\/siiall_rss.xml\" class=\"\" target=\"_blank\" rel=\"noopener noreferrer nofollow\" style=\"\">SII Actualidad Tributaria<\/a>\n    <\/span>\n                <span class=\"feed-date\">\n        Fecha:  04-10-26\n    <\/span>\n            \n        <\/div>\n\n        \n    <\/li>    <li class=\"wpra-item feed-item \">\n        <a href=\"https:\/\/www.sii.cl\/normativa_legislacion\/circulares\/2026\/circu14.pdf\" class=\"\" target=\"_blank\" rel=\"noopener noreferrer nofollow\" style=\"\">Circular N\u00c2\u00b0 14 del 04-10-2026 : Operaciones de cr\u00e9dito de dinero. Valor de la U...<\/a>\n\n        <div class=\"wprss-feed-meta\">\n                <span class=\"feed-source\">\n        Fuente:  <a href=\"https:\/\/www.sii.cl\/pagina\/actualizada\/noticias\/rss\/siiall_rss.xml\" class=\"\" target=\"_blank\" rel=\"noopener noreferrer nofollow\" style=\"\">SII Actualidad Tributaria<\/a>\n    <\/span>\n                <span class=\"feed-date\">\n        Fecha:  04-10-26\n    <\/span>\n            \n        <\/div>\n\n        \n    <\/li>    <li class=\"wpra-item feed-item \">\n        <a href=\"https:\/\/www.sii.cl\/normativa_legislacion\/circulares\/2026\/circu10.pdf\" class=\"\" target=\"_blank\" rel=\"noopener noreferrer nofollow\" style=\"\">Circular N\u00c2\u00b0 10 del 03-10-2026 : Tablas de impuesto \u00fanico de segunda categor\u00eda p...<\/a>\n\n        <div class=\"wprss-feed-meta\">\n                <span class=\"feed-source\">\n        Fuente:  <a href=\"https:\/\/www.sii.cl\/pagina\/actualizada\/noticias\/rss\/siiall_rss.xml\" class=\"\" target=\"_blank\" rel=\"noopener noreferrer nofollow\" style=\"\">SII Actualidad Tributaria<\/a>\n    <\/span>\n                <span class=\"feed-date\">\n        Fecha:  03-10-26\n    <\/span>\n            \n        <\/div>\n\n        \n    <\/li>    <li class=\"wpra-item feed-item \">\n        <a href=\"https:\/\/www.sii.cl\/normativa_legislacion\/circulares\/2026\/circu9.pdf\" class=\"\" target=\"_blank\" rel=\"noopener noreferrer nofollow\" style=\"\">Circular N\u00c2\u00b0 9 del 03-10-2026 : Operaciones de cr\u00e9dito de dinero. Valor de la U...<\/a>\n\n        <div class=\"wprss-feed-meta\">\n                <span class=\"feed-source\">\n        Fuente:  <a href=\"https:\/\/www.sii.cl\/pagina\/actualizada\/noticias\/rss\/siiall_rss.xml\" class=\"\" target=\"_blank\" rel=\"noopener noreferrer nofollow\" style=\"\">SII Actualidad Tributaria<\/a>\n    <\/span>\n                <span class=\"feed-date\">\n        Fecha:  03-10-26\n    <\/span>\n            \n        <\/div>\n\n        \n    <\/li>    <li class=\"wpra-item feed-item \">\n        <a href=\"https:\/\/www.sii.cl\/normativa_legislacion\/resoluciones\/2026\/reso38.pdf\" class=\"\" target=\"_blank\" rel=\"noopener noreferrer nofollow\" style=\"\">Resoluci\u00c3\u00b3n N\u00c2\u00b0 38 del 03-10-2026 : Incorpora nuevos c\u00f3digos al Formulario N\u00b029 de ...<\/a>\n\n        <div class=\"wprss-feed-meta\">\n                <span class=\"feed-source\">\n        Fuente:  <a href=\"https:\/\/www.sii.cl\/pagina\/actualizada\/noticias\/rss\/siiall_rss.xml\" class=\"\" target=\"_blank\" rel=\"noopener noreferrer nofollow\" style=\"\">SII Actualidad Tributaria<\/a>\n    <\/span>\n                <span class=\"feed-date\">\n        Fecha:  03-10-26\n    <\/span>\n            \n        <\/div>\n\n        \n    <\/li>    <li class=\"wpra-item feed-item \">\n        <a href=\"https:\/\/www.sii.cl\/normativa_legislacion\/resoluciones\/2026\/reso24.pdf\" class=\"\" target=\"_blank\" rel=\"noopener noreferrer nofollow\" style=\"\">Resoluci\u00c3\u00b3n N\u00c2\u00b0 24 del 02-10-2026 : Imparte instrucciones sobre pr\u00f3rroga de plazo d...<\/a>\n\n        <div class=\"wprss-feed-meta\">\n                <span class=\"feed-source\">\n        Fuente:  <a href=\"https:\/\/www.sii.cl\/pagina\/actualizada\/noticias\/rss\/siiall_rss.xml\" class=\"\" target=\"_blank\" rel=\"noopener noreferrer nofollow\" style=\"\">SII Actualidad Tributaria<\/a>\n    <\/span>\n                <span class=\"feed-date\">\n        Fecha:  02-10-26\n    <\/span>\n            \n        <\/div>\n\n        \n    <\/li>    <li class=\"wpra-item feed-item \">\n        <a href=\"https:\/\/www.sii.cl\/normativa_legislacion\/resoluciones\/2026\/reso23.pdf\" class=\"\" target=\"_blank\" rel=\"noopener noreferrer nofollow\" style=\"\">Resoluci\u00c3\u00b3n N\u00c2\u00b0 23 del 02-10-2026 : Inscripci\u00f3n de oficio en el registro especial d...<\/a>\n\n        <div class=\"wprss-feed-meta\">\n                <span class=\"feed-source\">\n        Fuente:  <a href=\"https:\/\/www.sii.cl\/pagina\/actualizada\/noticias\/rss\/siiall_rss.xml\" class=\"\" target=\"_blank\" rel=\"noopener noreferrer nofollow\" style=\"\">SII Actualidad Tributaria<\/a>\n    <\/span>\n                <span class=\"feed-date\">\n        Fecha:  02-10-26\n    <\/span>\n            \n        <\/div>\n\n        \n    <\/li>    <li class=\"wpra-item feed-item \">\n        <a href=\"https:\/\/www.sii.cl\/noticias\/2026\/090426noti02smn.htm\" class=\"\" target=\"_blank\" rel=\"noopener noreferrer nofollow\" style=\"\">Mas de 1,3 millones de contribuyentes presentaron su declaraci\u00c3\u00b3n de renta al SII dentro del primer plazo para obtener la devoluci\u00c3\u00b3n anticipada de excedentes<\/a>\n\n        <div class=\"wprss-feed-meta\">\n                <span class=\"feed-source\">\n        Fuente:  <a href=\"https:\/\/www.sii.cl\/pagina\/actualizada\/noticias\/rss\/siiall_rss.xml\" class=\"\" target=\"_blank\" rel=\"noopener noreferrer nofollow\" style=\"\">SII Actualidad Tributaria<\/a>\n    <\/span>\n                <span class=\"feed-date\">\n        Fecha:  04-09-26\n    <\/span>\n            \n        <\/div>\n\n        \n    <\/li>    <li class=\"wpra-item feed-item \">\n        <a href=\"https:\/\/www.sii.cl\/normativa_legislacion\/resoluciones\/2026\/reso51.pdf\" class=\"\" target=\"_blank\" rel=\"noopener noreferrer nofollow\" style=\"\">Resoluci\u00c3\u00b3n N\u00c2\u00b0 51 del 04-09-2026 : Autoriza acceso a los Servicios de Interoperabi...<\/a>\n\n        <div class=\"wprss-feed-meta\">\n                <span class=\"feed-source\">\n        Fuente:  <a href=\"https:\/\/www.sii.cl\/pagina\/actualizada\/noticias\/rss\/siiall_rss.xml\" class=\"\" target=\"_blank\" rel=\"noopener noreferrer nofollow\" style=\"\">SII Actualidad Tributaria<\/a>\n    <\/span>\n                <span class=\"feed-date\">\n        Fecha:  04-09-26\n    <\/span>\n            \n        <\/div>\n\n        \n    <\/li>\n        <\/ul>\n    <\/div> <\/div><\/blockquote>\n<p>[\/vc_message][\/vc_column][\/vc_row]<\/p>\n<\/div>","protected":false},"excerpt":{"rendered":"<p>[vc_row][vc_column][vc_empty_space][vc_column_text css_animation=\u00bbbounceInRight\u00bb css=\u00bb\u00bb] CGyA\u00a9 | INFORMA Noticias e informaciones de inter\u00e9s [\/vc_column_text][\/vc_column][\/vc_row][vc_row][vc_column][vc_empty_space][vc_message color=\u00bbalert-success\u00bb message_box_style=\u00bbsolid-icon\u00bb style=\u00bbround\u00bb message_box_color=\u00bbalert-success\u00bb icon_type=\u00bbpixelicons\u00bb icon_pixelicons=\u00bbvc_pixel_icon vc_pixel_icon-tick\u00bb css=\u00bb\u00bb] Noticias SII Impuestos, noticias, contribuciones, contribuyentes, renta, circulares, leyes [\/vc_message][vc_empty_space][vc_message color=\u00bbalert-success\u00bb message_box_style=\u00bbsolid-icon\u00bb style=\u00bbround\u00bb message_box_color=\u00bbalert-success\u00bb icon_type=\u00bbpixelicons\u00bb icon_pixelicons=\u00bbvc_pixel_icon vc_pixel_icon-tick\u00bb css=\u00bb\u00bb] Noticias SII Circulares y Resoluciones &nbsp; [\/vc_message][\/vc_column][\/vc_row]<\/p>\n","protected":false},"author":2,"featured_media":0,"parent":2285,"menu_order":0,"comment_status":"closed","ping_status":"closed","template":"","meta":{"footnotes":""},"class_list":["post-1327","page","type-page","status-publish","hentry"],"_links":{"self":[{"href":"https:\/\/www.cgya.cl\/index.php?rest_route=\/wp\/v2\/pages\/1327","targetHints":{"allow":["GET"]}}],"collection":[{"href":"https:\/\/www.cgya.cl\/index.php?rest_route=\/wp\/v2\/pages"}],"about":[{"href":"https:\/\/www.cgya.cl\/index.php?rest_route=\/wp\/v2\/types\/page"}],"author":[{"embeddable":true,"href":"https:\/\/www.cgya.cl\/index.php?rest_route=\/wp\/v2\/users\/2"}],"replies":[{"embeddable":true,"href":"https:\/\/www.cgya.cl\/index.php?rest_route=%2Fwp%2Fv2%2Fcomments&post=1327"}],"version-history":[{"count":29,"href":"https:\/\/www.cgya.cl\/index.php?rest_route=\/wp\/v2\/pages\/1327\/revisions"}],"predecessor-version":[{"id":2284,"href":"https:\/\/www.cgya.cl\/index.php?rest_route=\/wp\/v2\/pages\/1327\/revisions\/2284"}],"up":[{"embeddable":true,"href":"https:\/\/www.cgya.cl\/index.php?rest_route=\/wp\/v2\/pages\/2285"}],"wp:attachment":[{"href":"https:\/\/www.cgya.cl\/index.php?rest_route=%2Fwp%2Fv2%2Fmedia&parent=1327"}],"curies":[{"name":"wp","href":"https:\/\/api.w.org\/{rel}","templated":true}]}}